{"id":54,"date":"2025-06-17T11:04:47","date_gmt":"2025-06-17T11:04:47","guid":{"rendered":"https:\/\/wukozdusza.pl\/?page_id=54"},"modified":"2025-06-17T12:06:38","modified_gmt":"2025-06-17T12:06:38","slug":"home","status":"publish","type":"page","link":"https:\/\/wukozdusza.pl\/","title":{"rendered":"Home"},"content":{"rendered":"\t\t<div data-elementor-type=\"wp-page\" data-elementor-id=\"54\" class=\"elementor elementor-54\">\n\t\t\t\t<div class=\"elementor-element elementor-element-1112c793 e-con-full e-flex e-con e-parent\" data-id=\"1112c793\" data-element_type=\"container\">\n\t\t<div class=\"elementor-element elementor-element-29e101f7 e-con-full e-flex e-con e-child\" data-id=\"29e101f7\" data-element_type=\"container\">\n\t\t<div class=\"elementor-element elementor-element-528f3896 e-con-full e-flex e-con e-child\" data-id=\"528f3896\" data-element_type=\"container\">\n\t\t\t\t<div class=\"elementor-element elementor-element-2f4a5ae elementor-widget elementor-widget-image-carousel\" data-id=\"2f4a5ae\" data-element_type=\"widget\" data-settings=\"{&quot;slides_to_show&quot;:&quot;1&quot;,&quot;navigation&quot;:&quot;none&quot;,&quot;pause_on_hover&quot;:&quot;no&quot;,&quot;pause_on_interaction&quot;:&quot;no&quot;,&quot;autoplay_speed&quot;:3000,&quot;autoplay&quot;:&quot;yes&quot;,&quot;infinite&quot;:&quot;yes&quot;,&quot;effect&quot;:&quot;slide&quot;,&quot;speed&quot;:500}\" data-widget_type=\"image-carousel.default\">\n\t\t\t\t<div class=\"elementor-widget-container\">\n\t\t\t\t\t\t\t<div class=\"elementor-image-carousel-wrapper swiper\" role=\"region\" aria-roledescription=\"carousel\" aria-label=\"Karuzela obrazk\u00f3w\" dir=\"ltr\">\n\t\t\t<div class=\"elementor-image-carousel swiper-wrapper\" aria-live=\"off\">\n\t\t\t\t\t\t\t\t<div class=\"swiper-slide\" role=\"group\" aria-roledescription=\"slide\" aria-label=\"1 z 2\"><figure class=\"swiper-slide-inner\"><img decoding=\"async\" class=\"swiper-slide-image\" src=\"https:\/\/wukozdusza.pl\/wp-content\/uploads\/2025\/05\/wukozdusza.png\" alt=\"wukozdusza\" \/><\/figure><\/div><div class=\"swiper-slide\" role=\"group\" aria-roledescription=\"slide\" aria-label=\"2 z 2\"><figure class=\"swiper-slide-inner\"><img decoding=\"async\" class=\"swiper-slide-image\" src=\"https:\/\/wukozdusza.pl\/wp-content\/uploads\/2025\/05\/zwyzkazdusza.png\" alt=\"zwyzkazdusza\" \/><\/figure><\/div>\t\t\t<\/div>\n\t\t\t\t\t\t\t\n\t\t\t\t\t\t\t\t\t<\/div>\n\t\t\t\t\t\t<\/div>\n\t\t\t\t<\/div>\n\t\t\t\t<div class=\"elementor-element elementor-element-399d4288 elementor-align-center animated-slow elementor-invisible elementor-widget elementor-widget-button\" data-id=\"399d4288\" data-element_type=\"widget\" data-settings=\"{&quot;_animation&quot;:&quot;fadeIn&quot;,&quot;_animation_delay&quot;:400}\" data-widget_type=\"button.default\">\n\t\t\t\t<div class=\"elementor-widget-container\">\n\t\t\t\t\t\t\t\t\t<div class=\"elementor-button-wrapper\">\n\t\t\t\t\t<a class=\"elementor-button elementor-size-sm\" role=\"button\">\n\t\t\t\t\t\t<span class=\"elementor-button-content-wrapper\">\n\t\t\t\t\t\t<span class=\"elementor-button-icon\">\n\t\t\t\t<svg aria-hidden=\"true\" class=\"e-font-icon-svg e-fas-circle\" viewBox=\"0 0 512 512\" xmlns=\"http:\/\/www.w3.org\/2000\/svg\"><path d=\"M256 8C119 8 8 119 8 256s111 248 248 248 248-111 248-248S393 8 256 8z\"><\/path><\/svg>\t\t\t<\/span>\n\t\t\t\t\t\t\t\t\t<span class=\"elementor-button-text\">Odkryj wuko<\/span>\n\t\t\t\t\t<\/span>\n\t\t\t\t\t<\/a>\n\t\t\t\t<\/div>\n\t\t\t\t\t\t\t\t<\/div>\n\t\t\t\t<\/div>\n\t\t\t\t<div class=\"elementor-element elementor-element-b79ff94 elementor-widget elementor-widget-text-editor\" data-id=\"b79ff94\" data-element_type=\"widget\" data-widget_type=\"text-editor.default\">\n\t\t\t\t<div class=\"elementor-widget-container\">\n\t\t\t\t\t\t\t\t\t<p>Wuko &amp; Zwy\u017cki dla ka\u017cdego!<\/p>\t\t\t\t\t\t\t\t<\/div>\n\t\t\t\t<\/div>\n\t\t\t\t<\/div>\n\t\t\t\t<div class=\"elementor-element elementor-element-474b03f2 elementor-invisible elementor-widget elementor-widget-heading\" data-id=\"474b03f2\" data-element_type=\"widget\" data-settings=\"{&quot;_animation&quot;:&quot;fadeInUp&quot;,&quot;_animation_delay&quot;:400}\" data-widget_type=\"heading.default\">\n\t\t\t\t<div class=\"elementor-widget-container\">\n\t\t\t\t\t<h1 class=\"elementor-heading-title elementor-size-default\">WUKO<\/h1>\t\t\t\t<\/div>\n\t\t\t\t<\/div>\n\t\t\t\t<\/div>\n\t\t<div class=\"elementor-element elementor-element-2c100d53 e-con-full e-flex e-con e-child\" data-id=\"2c100d53\" data-element_type=\"container\" data-settings=\"{&quot;background_background&quot;:&quot;slideshow&quot;,&quot;background_slideshow_gallery&quot;:[{&quot;id&quot;:18,&quot;url&quot;:&quot;http:\\\/\\\/wukozdusza.pl\\\/wp-content\\\/uploads\\\/2025\\\/05\\\/wukozdusza.png&quot;},{&quot;id&quot;:16,&quot;url&quot;:&quot;http:\\\/\\\/wukozdusza.pl\\\/wp-content\\\/uploads\\\/2025\\\/05\\\/duszek.png&quot;},{&quot;id&quot;:12,&quot;url&quot;:&quot;http:\\\/\\\/wukozdusza.pl\\\/wp-content\\\/uploads\\\/2025\\\/05\\\/zwyzkazdusza.png&quot;}],&quot;background_slideshow_slide_duration&quot;:3000,&quot;background_slideshow_slide_transition&quot;:&quot;slide_left&quot;,&quot;background_slideshow_loop&quot;:&quot;yes&quot;,&quot;background_slideshow_transition_duration&quot;:500}\">\n\t\t\t\t<\/div>\n\t\t\t\t<\/div>\n\t\t<div class=\"elementor-element elementor-element-24ab87d2 e-con-full e-flex e-con e-parent\" data-id=\"24ab87d2\" data-element_type=\"container\">\n\t\t<div class=\"elementor-element elementor-element-46d4132d e-con-full e-flex e-con e-child\" data-id=\"46d4132d\" data-element_type=\"container\" data-settings=\"{&quot;background_background&quot;:&quot;classic&quot;}\">\n\t\t\t\t<div class=\"elementor-element elementor-element-110b63d4 elementor-invisible elementor-widget elementor-widget-image\" data-id=\"110b63d4\" data-element_type=\"widget\" data-settings=\"{&quot;_animation&quot;:&quot;fadeInUp&quot;}\" data-widget_type=\"image.default\">\n\t\t\t\t<div class=\"elementor-widget-container\">\n\t\t\t\t\t\t\t\t\t\t\t\t\t\t\t<img fetchpriority=\"high\" decoding=\"async\" width=\"2040\" height=\"1530\" src=\"https:\/\/wukozdusza.pl\/wp-content\/uploads\/2025\/06\/WhatsApp-Image-2025-05-26-at-22.22.48-1.jpeg\" class=\"attachment-full size-full wp-image-95\" alt=\"\" srcset=\"https:\/\/wukozdusza.pl\/wp-content\/uploads\/2025\/06\/WhatsApp-Image-2025-05-26-at-22.22.48-1.jpeg 2040w, https:\/\/wukozdusza.pl\/wp-content\/uploads\/2025\/06\/WhatsApp-Image-2025-05-26-at-22.22.48-1-300x225.jpeg 300w, https:\/\/wukozdusza.pl\/wp-content\/uploads\/2025\/06\/WhatsApp-Image-2025-05-26-at-22.22.48-1-1024x768.jpeg 1024w, https:\/\/wukozdusza.pl\/wp-content\/uploads\/2025\/06\/WhatsApp-Image-2025-05-26-at-22.22.48-1-768x576.jpeg 768w, https:\/\/wukozdusza.pl\/wp-content\/uploads\/2025\/06\/WhatsApp-Image-2025-05-26-at-22.22.48-1-1536x1152.jpeg 1536w\" sizes=\"(max-width: 2040px) 100vw, 2040px\" \/>\t\t\t\t\t\t\t\t\t\t\t\t\t\t\t<\/div>\n\t\t\t\t<\/div>\n\t\t\t\t<\/div>\n\t\t<div class=\"elementor-element elementor-element-391f704c e-con-full e-flex e-con e-child\" data-id=\"391f704c\" data-element_type=\"container\">\n\t\t<div class=\"elementor-element elementor-element-199020d9 e-con-full e-flex e-con e-child\" data-id=\"199020d9\" data-element_type=\"container\">\n\t\t\t\t<div class=\"elementor-element elementor-element-2692a76c elementor-widget elementor-widget-heading\" data-id=\"2692a76c\" data-element_type=\"widget\" data-widget_type=\"heading.default\">\n\t\t\t\t<div class=\"elementor-widget-container\">\n\t\t\t\t\t<h2 class=\"elementor-heading-title elementor-size-default\">Wuko na ka\u017cd\u0105 kiesze\u0144<\/h2>\t\t\t\t<\/div>\n\t\t\t\t<\/div>\n\t\t\t\t<div class=\"elementor-element elementor-element-28455c49 elementor-widget elementor-widget-text-editor\" data-id=\"28455c49\" data-element_type=\"widget\" data-widget_type=\"text-editor.default\">\n\t\t\t\t<div class=\"elementor-widget-container\">\n\t\t\t\t\t\t\t\t\t<p>WUKO to niezawodny partner w czyszczeniu kanalizacji i udra\u017cnianiu rur. Oferujemy nowoczesne pojazdy i urz\u0105dzenia wysokoci\u015bnieniowe, kt\u00f3re gwarantuj\u0105 skuteczno\u015b\u0107 i bezpiecze\u0144stwo. Nasze us\u0142ugi sprawdzaj\u0105 si\u0119 zar\u00f3wno w zastosowaniach komunalnych, jak i przemys\u0142owych. Dzia\u0142amy szybko, profesjonalnie i z dba\u0142o\u015bci\u0105 o \u015brodowisko. Wybierz WUKO \u2013 sprawdzone rozwi\u0105zania dla czystych instalacji.<\/p>\t\t\t\t\t\t\t\t<\/div>\n\t\t\t\t<\/div>\n\t\t\t\t<\/div>\n\t\t\t\t<\/div>\n\t\t\t\t<\/div>\n\t\t<div class=\"elementor-element elementor-element-7d4e39ee e-con-full e-flex e-con e-parent\" data-id=\"7d4e39ee\" data-element_type=\"container\">\n\t\t\t\t<div class=\"elementor-element elementor-element-35039363 elementor-widget__width-initial elementor-widget elementor-widget-heading\" data-id=\"35039363\" data-element_type=\"widget\" data-widget_type=\"heading.default\">\n\t\t\t\t<div class=\"elementor-widget-container\">\n\t\t\t\t\t<h2 class=\"elementor-heading-title elementor-size-default\">Wszystko co potrzebujesz w jednym miejscu<\/h2>\t\t\t\t<\/div>\n\t\t\t\t<\/div>\n\t\t\t\t<\/div>\n\t\t<div class=\"elementor-element elementor-element-14f6aecc e-con-full e-flex e-con e-parent\" data-id=\"14f6aecc\" data-element_type=\"container\">\n\t\t<div class=\"elementor-element elementor-element-55681ed1 e-con-full e-flex e-con e-child\" data-id=\"55681ed1\" data-element_type=\"container\">\n\t\t\t\t<div class=\"elementor-element elementor-element-1de63fb2 elementor-widget elementor-widget-image-carousel\" data-id=\"1de63fb2\" data-element_type=\"widget\" data-settings=\"{&quot;slides_to_show&quot;:&quot;1&quot;,&quot;navigation&quot;:&quot;none&quot;,&quot;pause_on_hover&quot;:&quot;no&quot;,&quot;pause_on_interaction&quot;:&quot;no&quot;,&quot;autoplay&quot;:&quot;yes&quot;,&quot;autoplay_speed&quot;:5000,&quot;infinite&quot;:&quot;yes&quot;,&quot;effect&quot;:&quot;slide&quot;,&quot;speed&quot;:500}\" data-widget_type=\"image-carousel.default\">\n\t\t\t\t<div class=\"elementor-widget-container\">\n\t\t\t\t\t\t\t<div class=\"elementor-image-carousel-wrapper swiper\" role=\"region\" aria-roledescription=\"carousel\" aria-label=\"Karuzela obrazk\u00f3w\" dir=\"ltr\">\n\t\t\t<div class=\"elementor-image-carousel swiper-wrapper\" aria-live=\"off\">\n\t\t\t\t\t\t\t\t<div class=\"swiper-slide\" role=\"group\" aria-roledescription=\"slide\" aria-label=\"1 z 4\"><figure class=\"swiper-slide-inner\"><img decoding=\"async\" class=\"swiper-slide-image\" src=\"https:\/\/wukozdusza.pl\/wp-content\/uploads\/2025\/06\/WhatsApp-Image-2025-05-27-at-17.58.08-2.jpeg\" alt=\"WhatsApp Image 2025-05-27 at 17.58.08 (2)\" \/><\/figure><\/div><div class=\"swiper-slide\" role=\"group\" aria-roledescription=\"slide\" aria-label=\"2 z 4\"><figure class=\"swiper-slide-inner\"><img decoding=\"async\" class=\"swiper-slide-image\" src=\"https:\/\/wukozdusza.pl\/wp-content\/uploads\/2025\/06\/WhatsApp-Image-2025-05-27-at-17.58.09-1.jpeg\" alt=\"WhatsApp Image 2025-05-27 at 17.58.09 (1)\" \/><\/figure><\/div><div class=\"swiper-slide\" role=\"group\" aria-roledescription=\"slide\" aria-label=\"3 z 4\"><figure class=\"swiper-slide-inner\"><img decoding=\"async\" class=\"swiper-slide-image\" src=\"https:\/\/wukozdusza.pl\/wp-content\/uploads\/2025\/06\/WhatsApp-Image-2025-05-26-at-22.22.46.jpeg\" alt=\"WhatsApp Image 2025-05-26 at 22.22.46\" \/><\/figure><\/div><div class=\"swiper-slide\" role=\"group\" aria-roledescription=\"slide\" aria-label=\"4 z 4\"><figure class=\"swiper-slide-inner\"><img decoding=\"async\" class=\"swiper-slide-image\" src=\"https:\/\/wukozdusza.pl\/wp-content\/uploads\/2025\/06\/WhatsApp-Image-2025-05-26-at-22.22.46-3.jpeg\" alt=\"WhatsApp Image 2025-05-26 at 22.22.46 (3)\" \/><\/figure><\/div>\t\t\t<\/div>\n\t\t\t\t\t\t\t\n\t\t\t\t\t\t\t\t\t<\/div>\n\t\t\t\t\t\t<\/div>\n\t\t\t\t<\/div>\n\t\t\t\t<div class=\"elementor-element elementor-element-6f79d07 elementor-widget__width-initial elementor-widget-tablet__width-initial elementor-widget-mobile__width-initial elementor-absolute elementor-invisible elementor-widget elementor-widget-image-carousel\" data-id=\"6f79d07\" data-element_type=\"widget\" data-settings=\"{&quot;slides_to_show&quot;:&quot;1&quot;,&quot;navigation&quot;:&quot;none&quot;,&quot;pause_on_hover&quot;:&quot;no&quot;,&quot;pause_on_interaction&quot;:&quot;no&quot;,&quot;_animation&quot;:&quot;fadeInUp&quot;,&quot;_position&quot;:&quot;absolute&quot;,&quot;autoplay&quot;:&quot;yes&quot;,&quot;autoplay_speed&quot;:5000,&quot;infinite&quot;:&quot;yes&quot;,&quot;effect&quot;:&quot;slide&quot;,&quot;speed&quot;:500}\" data-widget_type=\"image-carousel.default\">\n\t\t\t\t<div class=\"elementor-widget-container\">\n\t\t\t\t\t\t\t<div class=\"elementor-image-carousel-wrapper swiper\" role=\"region\" aria-roledescription=\"carousel\" aria-label=\"Karuzela obrazk\u00f3w\" dir=\"ltr\">\n\t\t\t<div class=\"elementor-image-carousel swiper-wrapper\" aria-live=\"off\">\n\t\t\t\t\t\t\t\t<div class=\"swiper-slide\" role=\"group\" aria-roledescription=\"slide\" aria-label=\"1 z 5\"><figure class=\"swiper-slide-inner\"><img decoding=\"async\" class=\"swiper-slide-image\" src=\"https:\/\/wukozdusza.pl\/wp-content\/uploads\/2025\/06\/WhatsApp-Image-2025-05-27-at-17.58.09-1.jpeg\" alt=\"WhatsApp Image 2025-05-27 at 17.58.09 (1)\" \/><\/figure><\/div><div class=\"swiper-slide\" role=\"group\" aria-roledescription=\"slide\" aria-label=\"2 z 5\"><figure class=\"swiper-slide-inner\"><img decoding=\"async\" class=\"swiper-slide-image\" src=\"https:\/\/wukozdusza.pl\/wp-content\/uploads\/2025\/06\/WhatsApp-Image-2025-05-27-at-17.58.08-2.jpeg\" alt=\"WhatsApp Image 2025-05-27 at 17.58.08 (2)\" \/><\/figure><\/div><div class=\"swiper-slide\" role=\"group\" aria-roledescription=\"slide\" aria-label=\"3 z 5\"><figure class=\"swiper-slide-inner\"><img decoding=\"async\" class=\"swiper-slide-image\" src=\"https:\/\/wukozdusza.pl\/wp-content\/uploads\/2025\/06\/WhatsApp-Image-2025-05-26-at-22.22.46.jpeg\" alt=\"WhatsApp Image 2025-05-26 at 22.22.46\" \/><\/figure><\/div><div class=\"swiper-slide\" role=\"group\" aria-roledescription=\"slide\" aria-label=\"4 z 5\"><figure class=\"swiper-slide-inner\"><img decoding=\"async\" class=\"swiper-slide-image\" src=\"https:\/\/wukozdusza.pl\/wp-content\/uploads\/2025\/06\/WhatsApp-Image-2025-05-26-at-22.22.46-3.jpeg\" alt=\"WhatsApp Image 2025-05-26 at 22.22.46 (3)\" \/><\/figure><\/div><div class=\"swiper-slide\" role=\"group\" aria-roledescription=\"slide\" aria-label=\"5 z 5\"><figure class=\"swiper-slide-inner\"><img decoding=\"async\" class=\"swiper-slide-image\" src=\"https:\/\/wukozdusza.pl\/wp-content\/uploads\/2025\/06\/WhatsApp-Image-2025-05-26-at-22.22.45-1.jpeg\" alt=\"WhatsApp Image 2025-05-26 at 22.22.45 (1)\" \/><\/figure><\/div>\t\t\t<\/div>\n\t\t\t\t\t\t\t\n\t\t\t\t\t\t\t\t\t<\/div>\n\t\t\t\t\t\t<\/div>\n\t\t\t\t<\/div>\n\t\t\t\t<\/div>\n\t\t<div class=\"elementor-element elementor-element-493d456 e-con-full e-flex e-con e-child\" data-id=\"493d456\" data-element_type=\"container\">\n\t\t\t\t<div class=\"elementor-element elementor-element-52f70fcd elementor-widget elementor-widget-icon-box\" data-id=\"52f70fcd\" data-element_type=\"widget\" data-widget_type=\"icon-box.default\">\n\t\t\t\t<div class=\"elementor-widget-container\">\n\t\t\t\t\t\t\t<div class=\"elementor-icon-box-wrapper\">\n\n\t\t\t\n\t\t\t\t\t\t<div class=\"elementor-icon-box-content\">\n\n\t\t\t\t\t\t\t\t\t<h3 class=\"elementor-icon-box-title\">\n\t\t\t\t\t\t<span  >\n\t\t\t\t\t\t\tMi\u0142o i przyjemnie \t\t\t\t\t\t<\/span>\n\t\t\t\t\t<\/h3>\n\t\t\t\t\n\t\t\t\t\t\t\t\t\t<p class=\"elementor-icon-box-description\">\n\t\t\t\t\t\tLudzie z pasj\u0105 i zaanga\u017cowaniem\t\t\t\t\t<\/p>\n\t\t\t\t\n\t\t\t<\/div>\n\t\t\t\n\t\t<\/div>\n\t\t\t\t\t\t<\/div>\n\t\t\t\t<\/div>\n\t\t\t\t<div class=\"elementor-element elementor-element-660b1b4e animated-slow elementor-invisible elementor-widget elementor-widget-icon-box\" data-id=\"660b1b4e\" data-element_type=\"widget\" data-settings=\"{&quot;_animation&quot;:&quot;fadeIn&quot;}\" data-widget_type=\"icon-box.default\">\n\t\t\t\t<div class=\"elementor-widget-container\">\n\t\t\t\t\t\t\t<div class=\"elementor-icon-box-wrapper\">\n\n\t\t\t\n\t\t\t\t\t\t<div class=\"elementor-icon-box-content\">\n\n\t\t\t\t\t\t\t\t\t<h3 class=\"elementor-icon-box-title\">\n\t\t\t\t\t\t<span  >\n\t\t\t\t\t\t\tProfesjonalnie i ekonomicznie\t\t\t\t\t\t<\/span>\n\t\t\t\t\t<\/h3>\n\t\t\t\t\n\t\t\t\t\t\t\t\t\t<p class=\"elementor-icon-box-description\">\n\t\t\t\t\t\tProfesjonalny sprz\u0119t i indywidualne podejscie\t\t\t\t\t<\/p>\n\t\t\t\t\n\t\t\t<\/div>\n\t\t\t\n\t\t<\/div>\n\t\t\t\t\t\t<\/div>\n\t\t\t\t<\/div>\n\t\t\t\t<div class=\"elementor-element elementor-element-11599e71 animated-slow elementor-invisible elementor-widget elementor-widget-icon-box\" data-id=\"11599e71\" data-element_type=\"widget\" data-settings=\"{&quot;_animation&quot;:&quot;fadeIn&quot;,&quot;_animation_delay&quot;:300}\" data-widget_type=\"icon-box.default\">\n\t\t\t\t<div class=\"elementor-widget-container\">\n\t\t\t\t\t\t\t<div class=\"elementor-icon-box-wrapper\">\n\n\t\t\t\n\t\t\t\t\t\t<div class=\"elementor-icon-box-content\">\n\n\t\t\t\t\t\t\t\t\t<h3 class=\"elementor-icon-box-title\">\n\t\t\t\t\t\t<span  >\n\t\t\t\t\t\t\tZawsze na czas\t\t\t\t\t\t<\/span>\n\t\t\t\t\t<\/h3>\n\t\t\t\t\n\t\t\t\t\t\t\t\t\t<p class=\"elementor-icon-box-description\">\n\t\t\t\t\t\tJeste\u015bmy na miejscu wsz\u0119dzie i zawsze\t\t\t\t\t<\/p>\n\t\t\t\t\n\t\t\t<\/div>\n\t\t\t\n\t\t<\/div>\n\t\t\t\t\t\t<\/div>\n\t\t\t\t<\/div>\n\t\t\t\t<\/div>\n\t\t\t\t<\/div>\n\t\t<div class=\"elementor-element elementor-element-22f193de e-con-full e-flex e-con e-parent\" data-id=\"22f193de\" data-element_type=\"container\" data-settings=\"{&quot;background_background&quot;:&quot;classic&quot;}\">\n\t\t\t\t<div class=\"elementor-element elementor-element-7c5d4704 elementor-widget elementor-widget-heading\" data-id=\"7c5d4704\" data-element_type=\"widget\" data-widget_type=\"heading.default\">\n\t\t\t\t<div class=\"elementor-widget-container\">\n\t\t\t\t\t<h2 class=\"elementor-heading-title elementor-size-default\">Zainwestuj w lepsze jutro<\/h2>\t\t\t\t<\/div>\n\t\t\t\t<\/div>\n\t\t<div class=\"elementor-element elementor-element-54b97816 e-con-full e-flex e-con e-child\" data-id=\"54b97816\" data-element_type=\"container\">\n\t\t\t\t<div class=\"elementor-element elementor-element-1d86445 elementor-widget__width-initial elementor-widget-mobile__width-initial elementor-widget elementor-widget-image\" data-id=\"1d86445\" data-element_type=\"widget\" data-widget_type=\"image.default\">\n\t\t\t\t<div class=\"elementor-widget-container\">\n\t\t\t\t\t\t\t\t\t\t\t\t\t\t\t<img fetchpriority=\"high\" decoding=\"async\" width=\"2040\" height=\"1530\" src=\"https:\/\/wukozdusza.pl\/wp-content\/uploads\/2025\/06\/WhatsApp-Image-2025-05-26-at-22.22.48-1.jpeg\" class=\"attachment-full size-full wp-image-95\" alt=\"\" srcset=\"https:\/\/wukozdusza.pl\/wp-content\/uploads\/2025\/06\/WhatsApp-Image-2025-05-26-at-22.22.48-1.jpeg 2040w, https:\/\/wukozdusza.pl\/wp-content\/uploads\/2025\/06\/WhatsApp-Image-2025-05-26-at-22.22.48-1-300x225.jpeg 300w, https:\/\/wukozdusza.pl\/wp-content\/uploads\/2025\/06\/WhatsApp-Image-2025-05-26-at-22.22.48-1-1024x768.jpeg 1024w, https:\/\/wukozdusza.pl\/wp-content\/uploads\/2025\/06\/WhatsApp-Image-2025-05-26-at-22.22.48-1-768x576.jpeg 768w, https:\/\/wukozdusza.pl\/wp-content\/uploads\/2025\/06\/WhatsApp-Image-2025-05-26-at-22.22.48-1-1536x1152.jpeg 1536w\" sizes=\"(max-width: 2040px) 100vw, 2040px\" \/>\t\t\t\t\t\t\t\t\t\t\t\t\t\t\t<\/div>\n\t\t\t\t<\/div>\n\t\t\t\t<div class=\"elementor-element elementor-element-7e60bd93 elementor-widget__width-initial elementor-widget-mobile__width-initial elementor-invisible elementor-widget elementor-widget-image\" data-id=\"7e60bd93\" data-element_type=\"widget\" data-settings=\"{&quot;_animation&quot;:&quot;fadeInUp&quot;}\" data-widget_type=\"image.default\">\n\t\t\t\t<div class=\"elementor-widget-container\">\n\t\t\t\t\t\t\t\t\t\t\t\t\t\t\t<img decoding=\"async\" width=\"2040\" height=\"1530\" src=\"https:\/\/wukozdusza.pl\/wp-content\/uploads\/2025\/06\/WhatsApp-Image-2025-05-26-at-22.22.47-1.jpeg\" class=\"attachment-full size-full wp-image-94\" alt=\"\" srcset=\"https:\/\/wukozdusza.pl\/wp-content\/uploads\/2025\/06\/WhatsApp-Image-2025-05-26-at-22.22.47-1.jpeg 2040w, https:\/\/wukozdusza.pl\/wp-content\/uploads\/2025\/06\/WhatsApp-Image-2025-05-26-at-22.22.47-1-300x225.jpeg 300w, https:\/\/wukozdusza.pl\/wp-content\/uploads\/2025\/06\/WhatsApp-Image-2025-05-26-at-22.22.47-1-1024x768.jpeg 1024w, https:\/\/wukozdusza.pl\/wp-content\/uploads\/2025\/06\/WhatsApp-Image-2025-05-26-at-22.22.47-1-768x576.jpeg 768w, https:\/\/wukozdusza.pl\/wp-content\/uploads\/2025\/06\/WhatsApp-Image-2025-05-26-at-22.22.47-1-1536x1152.jpeg 1536w\" sizes=\"(max-width: 2040px) 100vw, 2040px\" \/>\t\t\t\t\t\t\t\t\t\t\t\t\t\t\t<\/div>\n\t\t\t\t<\/div>\n\t\t\t\t<div class=\"elementor-element elementor-element-76771829 elementor-widget__width-initial elementor-widget-mobile__width-initial elementor-widget elementor-widget-image\" data-id=\"76771829\" data-element_type=\"widget\" data-widget_type=\"image.default\">\n\t\t\t\t<div class=\"elementor-widget-container\">\n\t\t\t\t\t\t\t\t\t\t\t\t\t\t\t<img decoding=\"async\" width=\"1536\" height=\"2040\" src=\"https:\/\/wukozdusza.pl\/wp-content\/uploads\/2025\/06\/WhatsApp-Image-2025-05-27-at-17.58.09-1.jpeg\" class=\"attachment-full size-full wp-image-100\" alt=\"\" srcset=\"https:\/\/wukozdusza.pl\/wp-content\/uploads\/2025\/06\/WhatsApp-Image-2025-05-27-at-17.58.09-1.jpeg 1536w, https:\/\/wukozdusza.pl\/wp-content\/uploads\/2025\/06\/WhatsApp-Image-2025-05-27-at-17.58.09-1-226x300.jpeg 226w, https:\/\/wukozdusza.pl\/wp-content\/uploads\/2025\/06\/WhatsApp-Image-2025-05-27-at-17.58.09-1-771x1024.jpeg 771w, https:\/\/wukozdusza.pl\/wp-content\/uploads\/2025\/06\/WhatsApp-Image-2025-05-27-at-17.58.09-1-768x1020.jpeg 768w, https:\/\/wukozdusza.pl\/wp-content\/uploads\/2025\/06\/WhatsApp-Image-2025-05-27-at-17.58.09-1-1157x1536.jpeg 1157w\" sizes=\"(max-width: 1536px) 100vw, 1536px\" \/>\t\t\t\t\t\t\t\t\t\t\t\t\t\t\t<\/div>\n\t\t\t\t<\/div>\n\t\t\t\t<div class=\"elementor-element elementor-element-54186ef elementor-widget__width-initial elementor-widget-mobile__width-initial elementor-invisible elementor-widget elementor-widget-image\" data-id=\"54186ef\" data-element_type=\"widget\" data-settings=\"{&quot;_animation&quot;:&quot;fadeInUp&quot;}\" data-widget_type=\"image.default\">\n\t\t\t\t<div class=\"elementor-widget-container\">\n\t\t\t\t\t\t\t\t\t\t\t\t\t\t\t<img loading=\"lazy\" decoding=\"async\" width=\"1530\" height=\"2040\" src=\"https:\/\/wukozdusza.pl\/wp-content\/uploads\/2025\/06\/WhatsApp-Image-2025-05-26-at-22.22.45-1.jpeg\" class=\"attachment-full size-full wp-image-96\" alt=\"\" srcset=\"https:\/\/wukozdusza.pl\/wp-content\/uploads\/2025\/06\/WhatsApp-Image-2025-05-26-at-22.22.45-1.jpeg 1530w, https:\/\/wukozdusza.pl\/wp-content\/uploads\/2025\/06\/WhatsApp-Image-2025-05-26-at-22.22.45-1-225x300.jpeg 225w, https:\/\/wukozdusza.pl\/wp-content\/uploads\/2025\/06\/WhatsApp-Image-2025-05-26-at-22.22.45-1-768x1024.jpeg 768w, https:\/\/wukozdusza.pl\/wp-content\/uploads\/2025\/06\/WhatsApp-Image-2025-05-26-at-22.22.45-1-1152x1536.jpeg 1152w\" sizes=\"(max-width: 1530px) 100vw, 1530px\" \/>\t\t\t\t\t\t\t\t\t\t\t\t\t\t\t<\/div>\n\t\t\t\t<\/div>\n\t\t\t\t<\/div>\n\t\t\t\t<\/div>\n\t\t\t\t<\/div>\n\t\t","protected":false},"excerpt":{"rendered":"<p>Odkryj wuko Wuko &amp; Zwy\u017cki dla ka\u017cdego! WUKO Wuko na ka\u017cd\u0105 kiesze\u0144 WUKO to niezawodny partner w czyszczeniu kanalizacji i udra\u017cnianiu rur. Oferujemy nowoczesne pojazdy i urz\u0105dzenia wysokoci\u015bnieniowe, kt\u00f3re gwarantuj\u0105 skuteczno\u015b\u0107 i bezpiecze\u0144stwo. Nasze us\u0142ugi sprawdzaj\u0105 si\u0119 zar\u00f3wno w zastosowaniach komunalnych, jak i przemys\u0142owych. Dzia\u0142amy szybko, profesjonalnie i z dba\u0142o\u015bci\u0105 o \u015brodowisko. Wybierz WUKO \u2013 [&hellip;]<\/p>\n","protected":false},"author":1,"featured_media":74,"parent":0,"menu_order":0,"comment_status":"closed","ping_status":"closed","template":"elementor_header_footer","meta":{"footnotes":""},"class_list":["post-54","page","type-page","status-publish","has-post-thumbnail","hentry"],"_links":{"self":[{"href":"https:\/\/wukozdusza.pl\/index.php?rest_route=\/wp\/v2\/pages\/54","targetHints":{"allow":["GET"]}}],"collection":[{"href":"https:\/\/wukozdusza.pl\/index.php?rest_route=\/wp\/v2\/pages"}],"about":[{"href":"https:\/\/wukozdusza.pl\/index.php?rest_route=\/wp\/v2\/types\/page"}],"author":[{"embeddable":true,"href":"https:\/\/wukozdusza.pl\/index.php?rest_route=\/wp\/v2\/users\/1"}],"replies":[{"embeddable":true,"href":"https:\/\/wukozdusza.pl\/index.php?rest_route=%2Fwp%2Fv2%2Fcomments&post=54"}],"version-history":[{"count":10,"href":"https:\/\/wukozdusza.pl\/index.php?rest_route=\/wp\/v2\/pages\/54\/revisions"}],"predecessor-version":[{"id":112,"href":"https:\/\/wukozdusza.pl\/index.php?rest_route=\/wp\/v2\/pages\/54\/revisions\/112"}],"wp:featuredmedia":[{"embeddable":true,"href":"https:\/\/wukozdusza.pl\/index.php?rest_route=\/wp\/v2\/media\/74"}],"wp:attachment":[{"href":"https:\/\/wukozdusza.pl\/index.php?rest_route=%2Fwp%2Fv2%2Fmedia&parent=54"}],"curies":[{"name":"wp","href":"https:\/\/api.w.org\/{rel}","templated":true}]}}